{"id":15309,"date":"2021-10-09T12:01:06","date_gmt":"2021-10-09T12:01:06","guid":{"rendered":"http:\/\/localhost\/starntile\/?page_id=3"},"modified":"2024-01-22T09:55:09","modified_gmt":"2024-01-22T09:55:09","slug":"polityka-prywatnosci","status":"publish","type":"page","link":"https:\/\/maxbroker.com.pl\/index.php\/polityka-prywatnosci\/","title":{"rendered":"Poli\u00adty\u00adka prywatno\u015bci"},"content":{"rendered":"\n<p>Poli\u00adty\u00adka pry\u00adwat\u00adno\u00ad\u015bci opi\u00adsu\u00adje zasa\u00addy prze\u00adtwa\u00adrza\u00adnia przez nas infor\u00adma\u00adcji na Tw\u00f3j temat, w&nbsp;tym danych oso\u00adbo\u00adwych oraz cia\u00adste\u00adczek, czy\u00adli tzw. cookies.<\/p>\n\n\n\n<h2 class=\"wp-block-heading\"><strong>Infor\u00adma\u00adcje og\u00f3lne<\/strong><\/h2>\n\n\n\n<ol class=\"wp-block-list\">\n<li>Niniej\u00adsza poli\u00adty\u00adka doty\u00adczy Ser\u00adwi\u00adsu www, funk\u00adcjo\u00adnu\u00adj\u0105\u00adce\u00adgo pod adre\u00adsem url:&nbsp;<strong>maxbroker.com.pl<\/strong><\/li>\n\n\n\n<li>Ope\u00adra\u00adto\u00adrem ser\u00adwi\u00adsu oraz Admi\u00adni\u00adstra\u00adto\u00adrem danych oso\u00adbo\u00adwych jest: <strong>Patry\u00adcja Miko\u00ad\u0142aj\u00adczyk 83\u2009\u2013\u2009000 Pruszcz Gda\u0144\u00adski ul. Kos\u00adsa\u00adka 1&nbsp;lok. 7<\/strong><\/li>\n\n\n\n<li>Adres kon\u00adtak\u00adto\u00adwy pocz\u00adty elek\u00adtro\u00adnicz\u00adnej ope\u00adra\u00adto\u00adra: <a href=\"mailto:biuro@maxbroker.com.pl\">biuro@maxbroker.com.pl<\/a><\/li>\n\n\n\n<li>Ope\u00adra\u00adtor jest Admi\u00adni\u00adstra\u00adto\u00adrem Two\u00adich danych oso\u00adbo\u00adwych w&nbsp;odnie\u00adsie\u00adniu do danych poda\u00adnych dobro\u00adwol\u00adnie w&nbsp;Serwisie.<\/li>\n\n\n\n<li>Ser\u00adwis wyko\u00adrzy\u00adstu\u00adje dane oso\u00adbo\u00adwe w&nbsp;nast\u0119\u00adpu\u00adj\u0105\u00adcych celach:&nbsp;<ul class=\"wp-block-list\">\n<li>Obs\u0142u\u00adga zapy\u00adta\u0144 przez formularz<\/li>\n\n\n\n<li>Reali\u00adza\u00adcja zam\u00f3\u00adwio\u00adnych&nbsp;us\u0142ug<\/li>\n\n\n\n<li>Pre\u00adzen\u00adta\u00adcja ofer\u00adty lub informacji<\/li>\n<\/ul>\n<\/li>\n\n\n\n<li>Ser\u00adwis reali\u00adzu\u00adje funk\u00adcje pozy\u00adski\u00adwa\u00adnia infor\u00adma\u00adcji o&nbsp;u\u017cyt\u00adkow\u00adni\u00adkach i&nbsp;ich zacho\u00adwa\u00adniu w&nbsp;nast\u0119\u00adpu\u00adj\u0105\u00adcy spos\u00f3b:&nbsp;<ol class=\"wp-block-list\">\n<li>Poprzez dobro\u00adwol\u00adnie wpro\u00adwa\u00addzo\u00adne w&nbsp;for\u00admu\u00adla\u00adrzach dane, kt\u00f3\u00adre zosta\u00adj\u0105 wpro\u00adwa\u00addzo\u00adne do sys\u00adte\u00adm\u00f3w Operatora.<\/li>\n\n\n\n<li>Poprzez zapi\u00adsy\u00adwa\u00adnie w&nbsp;urz\u0105\u00addze\u00adniach ko\u0144\u00adco\u00adwych pli\u00adk\u00f3w cookie (tzw. \u201ecia\u00adstecz\u00adka\u201d).<\/li>\n<\/ol>\n<\/li>\n<\/ol>\n\n\n\n<h2 class=\"wp-block-heading\"><strong>Wybra\u00adne meto\u00addy ochro\u00adny danych sto\u00adso\u00adwa\u00adne przez Operatora<\/strong><\/h2>\n\n\n\n<ol class=\"wp-block-list\">\n<li>Miej\u00adsca logo\u00adwa\u00adnia i&nbsp;wpro\u00adwa\u00addza\u00adnia danych oso\u00adbo\u00adwych s\u0105 chro\u00adnio\u00adne w&nbsp;war\u00adstwie trans\u00admi\u00adsji (cer\u00adty\u00adfi\u00adkat SSL). Dzi\u0119\u00adki temu dane oso\u00adbo\u00adwe i&nbsp;dane logo\u00adwa\u00adnia, wpro\u00adwa\u00addzo\u00adne na stro\u00adnie, zosta\u00adj\u0105 zaszy\u00adfro\u00adwa\u00adne w&nbsp;kom\u00adpu\u00adte\u00adrze u\u017cyt\u00adkow\u00adni\u00adka i&nbsp;mog\u0105 by\u0107 odczy\u00adta\u00adne jedy\u00adnie na doce\u00adlo\u00adwym serwerze.<\/li>\n<\/ol>\n\n\n\n<h2 class=\"wp-block-heading\"><strong>Hosting<\/strong><\/h2>\n\n\n\n<ol class=\"wp-block-list\">\n<li>Ser\u00adwis jest hosto\u00adwa\u00adny (tech\u00adnicz\u00adnie utrzy\u00admy\u00adwa\u00adny) na ser\u00adwe\u00adrach ope\u00adra\u00adto\u00adra: <strong>SIMM Opro\u00adgra\u00admo\u00adwa\u00adnie Pro\u00adfe\u00adsjo\u00adnal\u00adne Dariusz Korkosz<\/strong><\/li>\n\n\n\n<li>Fir\u00adma hostin\u00adgo\u00adwa w&nbsp;celu zapew\u00adnie\u00adnia nie\u00adza\u00adwod\u00adno\u00ad\u015bci tech\u00adnicz\u00adnej pro\u00adwa\u00addzi logi na pozio\u00admie ser\u00adwe\u00adra. Zapi\u00adso\u00adwi mog\u0105 podlega\u0107:&nbsp;<ul class=\"wp-block-list\">\n<li>zaso\u00adby okre\u00ad\u015blo\u00adne iden\u00adty\u00adfi\u00adka\u00adto\u00adrem URL (adre\u00adsy \u017c\u0105da\u00adnych zaso\u00adb\u00f3w \u2013 stron, plik\u00f3w),<\/li>\n\n\n\n<li>czas nadej\u00ad\u015bcia zapytania,<\/li>\n\n\n\n<li>czas wys\u0142a\u00adnia odpowiedzi,<\/li>\n\n\n\n<li>nazw\u0119 sta\u00adcji klien\u00adta \u2013 iden\u00adty\u00adfi\u00adka\u00adcja reali\u00adzo\u00adwa\u00adna przez pro\u00adto\u00adk\u00f3\u0142&nbsp;HTTP,<\/li>\n\n\n\n<li>infor\u00adma\u00adcje o&nbsp;b\u0142\u0119\u00addach jakie nast\u0105\u00adpi\u00ad\u0142y przy reali\u00adza\u00adcji trans\u00adak\u00adcji&nbsp;HTTP,<\/li>\n\n\n\n<li>adres URL stro\u00adny poprzed\u00adnio odwie\u00addza\u00adnej przez u\u017cyt\u00adkow\u00adni\u00adka (refe\u00adrer link) \u2013 w&nbsp;przy\u00adpad\u00adku gdy przej\u00ad\u015bcie do Ser\u00adwi\u00adsu nast\u0105\u00adpi\u00ad\u0142o przez odno\u015bnik,<\/li>\n\n\n\n<li>infor\u00adma\u00adcje o&nbsp;prze\u00adgl\u0105\u00addar\u00adce u\u017cytkownika,<\/li>\n\n\n\n<li>infor\u00adma\u00adcje o&nbsp;adre\u00adsie&nbsp;IP,<\/li>\n\n\n\n<li>infor\u00adma\u00adcje dia\u00adgno\u00adstycz\u00adne zwi\u0105\u00adza\u00adne z&nbsp;pro\u00adce\u00adsem samo\u00addziel\u00adne\u00adgo zama\u00adwia\u00adnia us\u0142ug poprzez reje\u00adstra\u00adto\u00adry na stronie,<\/li>\n\n\n\n<li>infor\u00adma\u00adcje zwi\u0105\u00adza\u00adne z&nbsp;obs\u0142u\u00adg\u0105 pocz\u00adty elek\u00adtro\u00adnicz\u00adnej kie\u00adro\u00adwa\u00adnej do Ope\u00adra\u00adto\u00adra oraz wysy\u00ad\u0142a\u00adnej przez Operatora.<\/li>\n<\/ul>\n<\/li>\n<\/ol>\n\n\n\n<h2 class=\"wp-block-heading\"><strong>Two\u00adje pra\u00adwa i&nbsp;dodat\u00adko\u00adwe infor\u00adma\u00adcje o&nbsp;spo\u00adso\u00adbie wyko\u00adrzy\u00adsta\u00adnia danych<\/strong><\/h2>\n\n\n\n<ol class=\"wp-block-list\">\n<li>W nie\u00adkt\u00f3\u00adrych sytu\u00adacjach Admi\u00adni\u00adstra\u00adtor ma pra\u00adwo prze\u00adka\u00adzy\u00adwa\u0107 Two\u00adje dane oso\u00adbo\u00adwe innym odbior\u00adcom, je\u015bli b\u0119dzie to nie\u00adzb\u0119d\u00adne do wyko\u00adna\u00adnia zawar\u00adtej z&nbsp;Tob\u0105 umo\u00adwy lub do zre\u00adali\u00adzo\u00adwa\u00adnia obo\u00adwi\u0105z\u00adk\u00f3w ci\u0105\u00ad\u017c\u0105\u00adcych na Admi\u00adni\u00adstra\u00adto\u00adrze. Doty\u00adczy to takich grup odbiorc\u00f3w:&nbsp;<ul class=\"wp-block-list\">\n<li>fir\u00adma hostin\u00adgo\u00adwa na zasa\u00addzie powierzenia<\/li>\n\n\n\n<li>kurie\u00adrzy<\/li>\n\n\n\n<li>ope\u00adra\u00adto\u00adrzy pocztowi<\/li>\n\n\n\n<li>ban\u00adki<\/li>\n\n\n\n<li>upo\u00adwa\u017c\u00adnie\u00adni pra\u00adcow\u00adni\u00adcy i&nbsp;wsp\u00f3\u0142\u00adpra\u00adcow\u00adni\u00adcy, kt\u00f3\u00adrzy korzy\u00adsta\u00adj\u0105 z&nbsp;danych w&nbsp;celu reali\u00adza\u00adcji celu dzia\u00ad\u0142a\u00adnia strony<\/li>\n<\/ul>\n<\/li>\n\n\n\n<li>Two\u00adje dane oso\u00adbo\u00adwe prze\u00adtwa\u00adrza\u00adne przez Admi\u00adni\u00adstra\u00adto\u00adra nie d\u0142u\u00ad\u017cej, ni\u017c jest to koniecz\u00adne do wyko\u00adna\u00adnia zwi\u0105\u00adza\u00adnych z&nbsp;nimi czyn\u00adno\u00ad\u015bci okre\u00ad\u015blo\u00adnych osob\u00adny\u00admi prze\u00adpi\u00adsa\u00admi (np. o&nbsp;pro\u00adwa\u00addze\u00adniu rachun\u00adko\u00adwo\u00ad\u015bci). W&nbsp;odnie\u00adsie\u00adniu do danych mar\u00adke\u00adtin\u00adgo\u00adwych dane nie b\u0119d\u0105 prze\u00adtwa\u00adrza\u00adne d\u0142u\u00ad\u017cej ni\u017c przez 3&nbsp;lata.<\/li>\n\n\n\n<li>Przy\u00ads\u0142u\u00adgu\u00adje Ci pra\u00adwo \u017c\u0105da\u00adnia od Administratora:&nbsp;<ul class=\"wp-block-list\">\n<li>dost\u0119\u00adpu do danych oso\u00adbo\u00adwych Cie\u00adbie dotycz\u0105cych,<\/li>\n\n\n\n<li>ich spro\u00adsto\u00adwa\u00adnia,<\/li>\n\n\n\n<li>usu\u00adni\u0119\u00adcia,<\/li>\n\n\n\n<li>ogra\u00adni\u00adcze\u00adnia przetwarzania,<\/li>\n\n\n\n<li>oraz prze\u00adno\u00adsze\u00adnia danych.<\/li>\n<\/ul>\n<\/li>\n\n\n\n<li>Przy\u00ads\u0142u\u00adgu\u00adje Ci pra\u00adwo do z\u0142o\u00ad\u017ce\u00adnia sprze\u00adci\u00adwu w&nbsp;zakre\u00adsie prze\u00adtwa\u00adrza\u00adnia wska\u00adza\u00adne\u00adgo w&nbsp;pkt 3.2 wobec prze\u00adtwa\u00adrza\u00adnia danych oso\u00adbo\u00adwych w&nbsp;celu wyko\u00adna\u00adnia praw\u00adnie uza\u00adsad\u00adnio\u00adnych inte\u00adre\u00ads\u00f3w reali\u00adzo\u00adwa\u00adnych przez Admi\u00adni\u00adstra\u00adto\u00adra, w&nbsp;tym pro\u00adfi\u00adlo\u00adwa\u00adnia, przy czym pra\u00adwo sprze\u00adci\u00adwu nie b\u0119dzie mog\u0142o by\u0107 wyko\u00adna\u00adne w&nbsp;przy\u00adpad\u00adku ist\u00adnie\u00adnia wa\u017c\u00adnych praw\u00adnie uza\u00adsad\u00adnio\u00adnych pod\u00adstaw do prze\u00adtwa\u00adrza\u00adnia, nad\u00adrz\u0119d\u00adnych wobec Cie\u00adbie inte\u00adre\u00ads\u00f3w, praw i&nbsp;wol\u00adno\u00ad\u015bci, w&nbsp;szcze\u00adg\u00f3l\u00adno\u00ad\u015bci usta\u00adle\u00adnia, docho\u00addze\u00adnia lub obro\u00adny roszcze\u0144.<\/li>\n\n\n\n<li>Na dzia\u00ad\u0142a\u00adnia Admi\u00adni\u00adstra\u00adto\u00adra przy\u00ads\u0142u\u00adgu\u00adje skar\u00adga do Pre\u00adze\u00adsa Urz\u0119\u00addu Ochro\u00adny Danych Oso\u00adbo\u00adwych, ul. Staw\u00adki 2, 00\u2009\u2013\u2009193 Warszawa.<\/li>\n\n\n\n<li>Poda\u00adnie danych oso\u00adbo\u00adwych jest dobro\u00adwol\u00adne, lecz nie\u00adzb\u0119d\u00adne do obs\u0142u\u00adgi Serwisu.<\/li>\n\n\n\n<li>W sto\u00adsun\u00adku do Cie\u00adbie mog\u0105 by\u0107 podej\u00admo\u00adwa\u00adne czyn\u00adno\u00ad\u015bci pole\u00adga\u00adj\u0105\u00adce na zauto\u00adma\u00adty\u00adzo\u00adwa\u00adnym podej\u00admo\u00adwa\u00adniu decy\u00adzji, w&nbsp;tym pro\u00adfi\u00adlo\u00adwa\u00adniu w&nbsp;celu \u015bwiad\u00adcze\u00adnia us\u0142ug w&nbsp;ramach zawar\u00adtej umo\u00adwy oraz w&nbsp;celu pro\u00adwa\u00addze\u00adnia przez Admi\u00adni\u00adstra\u00adto\u00adra mar\u00adke\u00adtin\u00adgu bezpo\u015bredniego.<\/li>\n\n\n\n<li>Dane oso\u00adbo\u00adwe nie s\u0105 prze\u00adka\u00adzy\u00adwa\u00adne od kra\u00adj\u00f3w trze\u00adcich w&nbsp;rozu\u00admie\u00adniu prze\u00adpi\u00ads\u00f3w o&nbsp;ochro\u00adnie danych oso\u00adbo\u00adwych. Ozna\u00adcza to, \u017ce nie prze\u00adsy\u00ad\u0142a\u00admy ich poza teren Unii Europejskiej.<\/li>\n<\/ol>\n\n\n\n<h2 class=\"wp-block-heading\"><strong>Infor\u00adma\u00adcje w&nbsp;formularzach<\/strong><\/h2>\n\n\n\n<ol class=\"wp-block-list\">\n<li>Ser\u00adwis zbie\u00adra infor\u00adma\u00adcje poda\u00adne dobro\u00adwol\u00adnie przez u\u017cyt\u00adkow\u00adni\u00adka, w&nbsp;tym dane oso\u00adbo\u00adwe, o&nbsp;ile zosta\u00adn\u0105 one podane.<\/li>\n\n\n\n<li>Ser\u00adwis mo\u017ce zapi\u00adsa\u0107 infor\u00adma\u00adcje o&nbsp;para\u00adme\u00adtrach po\u0142\u0105\u00adcze\u00adnia (ozna\u00adcze\u00adnie cza\u00adsu, adres&nbsp;IP).<\/li>\n\n\n\n<li>Ser\u00adwis, w&nbsp;nie\u00adkt\u00f3\u00adrych wypad\u00adkach, mo\u017ce zapi\u00adsa\u0107 infor\u00adma\u00adcj\u0119 u\u0142a\u00adtwia\u00adj\u0105\u00adc\u0105 powi\u0105\u00adza\u00adnie danych w&nbsp;for\u00admu\u00adla\u00adrzu z&nbsp;adre\u00adsem e\u2011mail u\u017cyt\u00adkow\u00adni\u00adka wype\u0142\u00adnia\u00adj\u0105\u00adce\u00adgo for\u00admu\u00adlarz. W&nbsp;takim wypad\u00adku adres e\u2011mail u\u017cyt\u00adkow\u00adni\u00adka poja\u00adwia si\u0119 wewn\u0105trz adre\u00adsu url stro\u00adny zawie\u00adra\u00adj\u0105\u00adcej formularz.<\/li>\n\n\n\n<li>Dane poda\u00adne w&nbsp;for\u00admu\u00adla\u00adrzu s\u0105 prze\u00adtwa\u00adrza\u00adne w&nbsp;celu wyni\u00adka\u00adj\u0105\u00adcym z&nbsp;funk\u00adcji kon\u00adkret\u00adne\u00adgo for\u00admu\u00adla\u00adrza, np. w&nbsp;celu doko\u00adna\u00adnia pro\u00adce\u00adsu obs\u0142u\u00adgi zg\u0142o\u00adsze\u00adnia ser\u00adwi\u00adso\u00adwe\u00adgo lub kon\u00adtak\u00adtu han\u00addlo\u00adwe\u00adgo, reje\u00adstra\u00adcji us\u0142ug itp. Ka\u017c\u00addo\u00adra\u00adzo\u00adwo kon\u00adtekst i&nbsp;opis for\u00admu\u00adla\u00adrza w&nbsp;czy\u00adtel\u00adny spo\u00ads\u00f3b infor\u00admu\u00adje, do cze\u00adgo on&nbsp;s\u0142u\u017cy.<\/li>\n<\/ol>\n\n\n\n<h2 class=\"wp-block-heading\"><strong>Logi Admi\u00adni\u00adstra\u00adto\u00adra<\/strong><\/h2>\n\n\n\n<p>Infor\u00adma\u00adcje zacho\u00adwa\u00adniu u\u017cyt\u00adkow\u00adni\u00adk\u00f3w w&nbsp;ser\u00adwi\u00adsie mog\u0105 pod\u00adle\u00adga\u0107 logo\u00adwa\u00adniu. Dane te s\u0105 wyko\u00adrzy\u00adsty\u00adwa\u00adne w&nbsp;celu admi\u00adni\u00adstro\u00adwa\u00adnia serwisem.<\/p>\n\n\n\n<h2 class=\"wp-block-heading\"><strong>Istot\u00adne tech\u00adni\u00adki marketingowe<\/strong><\/h2>\n\n\n\n<ol class=\"wp-block-list\">\n<li>Ope\u00adra\u00adtor sto\u00adsu\u00adje ana\u00adli\u00adz\u0119 sta\u00adty\u00adstycz\u00adn\u0105 ruchu na stro\u00adnie, poprzez Google Ana\u00adly\u00adtics (Google Inc. z&nbsp;sie\u00addzi\u00adb\u0105 w&nbsp;USA). Ope\u00adra\u00adtor nie prze\u00adka\u00adzu\u00adje do ope\u00adra\u00adto\u00adra tej us\u0142u\u00adgi danych oso\u00adbo\u00adwych, a&nbsp;jedy\u00adnie zano\u00adni\u00admi\u00adzo\u00adwa\u00adne infor\u00adma\u00adcje. Us\u0142u\u00adga bazu\u00adje na wyko\u00adrzy\u00adsta\u00adniu cia\u00adste\u00adczek w&nbsp;urz\u0105\u00addze\u00adniu ko\u0144\u00adco\u00adwym u\u017cyt\u00adkow\u00adni\u00adka. W&nbsp;zakre\u00adsie infor\u00adma\u00adcji o&nbsp;pre\u00adfe\u00adren\u00adcjach u\u017cyt\u00adkow\u00adni\u00adka gro\u00adma\u00addzo\u00adnych przez sie\u0107 rekla\u00admo\u00adw\u0105 Google u\u017cyt\u00adkow\u00adnik mo\u017ce prze\u00adgl\u0105\u00adda\u0107 i&nbsp;edy\u00adto\u00adwa\u0107 infor\u00adma\u00adcje wyni\u00adka\u00adj\u0105\u00adce z&nbsp;pli\u00adk\u00f3w cookies przy pomo\u00adcy narz\u0119\u00addzia: https:\/\/www.google.com\/ads\/preferences\/<\/li>\n<\/ol>\n\n\n\n<h2 class=\"wp-block-heading\"><strong>Infor\u00adma\u00adcja o&nbsp;pli\u00adkach cookies<\/strong><\/h2>\n\n\n\n<ol class=\"wp-block-list\">\n<li>Ser\u00adwis korzy\u00adsta z&nbsp;pli\u00adk\u00f3w cookies.<\/li>\n\n\n\n<li>Pli\u00adki cookies (tzw. \u201ecia\u00adstecz\u00adka\u201d) sta\u00adno\u00adwi\u0105 dane infor\u00adma\u00adtycz\u00adne, w&nbsp;szcze\u00adg\u00f3l\u00adno\u00ad\u015bci pli\u00adki tek\u00adsto\u00adwe, kt\u00f3\u00adre prze\u00adcho\u00adwy\u00adwa\u00adne s\u0105 w&nbsp;urz\u0105\u00addze\u00adniu ko\u0144\u00adco\u00adwym U\u017cyt\u00adkow\u00adni\u00adka Ser\u00adwi\u00adsu i&nbsp;prze\u00adzna\u00adczo\u00adne s\u0105 do korzy\u00adsta\u00adnia ze stron inter\u00adne\u00adto\u00adwych Ser\u00adwi\u00adsu. Cookies zazwy\u00adczaj zawie\u00adra\u00adj\u0105 nazw\u0119 stro\u00adny inter\u00adne\u00adto\u00adwej, z&nbsp;kt\u00f3\u00adrej pocho\u00addz\u0105, czas prze\u00adcho\u00adwy\u00adwa\u00adnia ich na urz\u0105\u00addze\u00adniu ko\u0144\u00adco\u00adwym oraz uni\u00adkal\u00adny&nbsp;numer.<\/li>\n\n\n\n<li>Pod\u00admio\u00adtem zamiesz\u00adcza\u00adj\u0105\u00adcym na urz\u0105\u00addze\u00adniu ko\u0144\u00adco\u00adwym U\u017cyt\u00adkow\u00adni\u00adka Ser\u00adwi\u00adsu pli\u00adki cookies oraz uzy\u00adsku\u00adj\u0105\u00adcym do nich dost\u0119p jest ope\u00adra\u00adtor Serwisu.<\/li>\n\n\n\n<li>Pli\u00adki cookies wyko\u00adrzy\u00adsty\u00adwa\u00adne s\u0105 w&nbsp;nast\u0119\u00adpu\u00adj\u0105\u00adcych celach:&nbsp;<ol class=\"wp-block-list\">\n<li>utrzy\u00adma\u00adnie sesji u\u017cyt\u00adkow\u00adni\u00adka Ser\u00adwi\u00adsu (po zalo\u00adgo\u00adwa\u00adniu), dzi\u0119\u00adki kt\u00f3\u00adrej u\u017cyt\u00adkow\u00adnik nie musi na ka\u017c\u00addej pod\u00adstro\u00adnie Ser\u00adwi\u00adsu ponow\u00adnie wpi\u00adsy\u00adwa\u0107 logi\u00adnu i&nbsp;has\u0142a;<\/li>\n\n\n\n<li>reali\u00adza\u00adcji cel\u00f3w okre\u00ad\u015blo\u00adnych powy\u00ad\u017cej w&nbsp;cz\u0119\u00ad\u015bci \u201cIstot\u00adne tech\u00adni\u00adki marketingowe\u201d;<\/li>\n<\/ol>\n<\/li>\n\n\n\n<li>W ramach Ser\u00adwi\u00adsu sto\u00adso\u00adwa\u00adne s\u0105 dwa zasad\u00adni\u00adcze rodza\u00adje pli\u00adk\u00f3w cookies: \u201esesyj\u00adne\u201d (ses\u00adsion cookies) oraz \u201esta\u00ad\u0142e\u201d (per\u00adsi\u00adstent cookies). Cookies \u201esesyj\u00adne\u201d s\u0105 pli\u00adka\u00admi tym\u00adcza\u00adso\u00adwy\u00admi, kt\u00f3\u00adre prze\u00adcho\u00adwy\u00adwa\u00adne s\u0105 w&nbsp;urz\u0105\u00addze\u00adniu ko\u0144\u00adco\u00adwym U\u017cyt\u00adkow\u00adni\u00adka do cza\u00adsu wylo\u00adgo\u00adwa\u00adnia, opusz\u00adcze\u00adnia stro\u00adny inter\u00adne\u00adto\u00adwej lub wy\u0142\u0105\u00adcze\u00adnia opro\u00adgra\u00admo\u00adwa\u00adnia (prze\u00adgl\u0105\u00addar\u00adki inter\u00adne\u00adto\u00adwej). \u201eSta\u00ad\u0142e\u201d pli\u00adki cookies prze\u00adcho\u00adwy\u00adwa\u00adne s\u0105 w&nbsp;urz\u0105\u00addze\u00adniu ko\u0144\u00adco\u00adwym U\u017cyt\u00adkow\u00adni\u00adka przez czas okre\u00ad\u015blo\u00adny w&nbsp;para\u00adme\u00adtrach pli\u00adk\u00f3w cookies lub do cza\u00adsu ich usu\u00adni\u0119\u00adcia przez U\u017cytkownika.<\/li>\n\n\n\n<li>Opro\u00adgra\u00admo\u00adwa\u00adnie do prze\u00adgl\u0105\u00adda\u00adnia stron inter\u00adne\u00adto\u00adwych (prze\u00adgl\u0105\u00addar\u00adka inter\u00adne\u00adto\u00adwa) zazwy\u00adczaj domy\u015bl\u00adnie dopusz\u00adcza prze\u00adcho\u00adwy\u00adwa\u00adnie pli\u00adk\u00f3w cookies w&nbsp;urz\u0105\u00addze\u00adniu ko\u0144\u00adco\u00adwym U\u017cyt\u00adkow\u00adni\u00adka. U\u017cyt\u00adkow\u00adni\u00adcy Ser\u00adwi\u00adsu mog\u0105 doko\u00adna\u0107 zmia\u00adny usta\u00adwie\u0144 w&nbsp;tym zakre\u00adsie.&nbsp;Prze\u00adgl\u0105\u00addar\u00adka inter\u00adne\u00adto\u00adwa umo\u017c\u00adli\u00adwia usu\u00adni\u0119\u00adcie pli\u00adk\u00f3w cookies. Mo\u017c\u00adli\u00adwe jest tak\u00ad\u017ce auto\u00adma\u00adtycz\u00adne blo\u00adko\u00adwa\u00adnie pli\u00adk\u00f3w cookies Szcze\u00adg\u00f3\u00ad\u0142o\u00adwe infor\u00adma\u00adcje na ten temat zawie\u00adra pomoc lub doku\u00admen\u00adta\u00adcja prze\u00adgl\u0105\u00addar\u00adki internetowej.<\/li>\n\n\n\n<li>Ogra\u00adni\u00adcze\u00adnia sto\u00adso\u00adwa\u00adnia pli\u00adk\u00f3w cookies mog\u0105 wp\u0142y\u00adn\u0105\u0107 na nie\u00adkt\u00f3\u00adre funk\u00adcjo\u00adnal\u00adno\u00ad\u015bci dost\u0119p\u00adne na stro\u00adnach inter\u00adne\u00adto\u00adwych Serwisu.<\/li>\n\n\n\n<li>Pli\u00adki cookies zamiesz\u00adcza\u00adne w&nbsp;urz\u0105\u00addze\u00adniu ko\u0144\u00adco\u00adwym U\u017cyt\u00adkow\u00adni\u00adka Ser\u00adwi\u00adsu wyko\u00adrzy\u00adsty\u00adwa\u00adne mog\u0105 by\u0107 r\u00f3w\u00adnie\u017c przez wsp\u00f3\u0142\u00adpra\u00adcu\u00adj\u0105\u00adce z&nbsp;ope\u00adra\u00adto\u00adrem Ser\u00adwi\u00adsu pod\u00admio\u00adty, w&nbsp;szcze\u00adg\u00f3l\u00adno\u00ad\u015bci doty\u00adczy to firm: Google (Google Inc. z&nbsp;sie\u00addzi\u00adb\u0105 w&nbsp;USA), Face\u00adbo\u00adok (Face\u00adbo\u00adok Inc. z&nbsp;sie\u00addzi\u00adb\u0105 w&nbsp;USA), Twit\u00adter (Twit\u00adter Inc. z&nbsp;sie\u00addzi\u00adb\u0105 w&nbsp;USA).<\/li>\n<\/ol>\n\n\n\n<h2 class=\"wp-block-heading\"><strong>Zarz\u0105\u00addza\u00adnie pli\u00adka\u00admi cookies \u2013 jak w&nbsp;prak\u00adty\u00adce wyra\u00ad\u017ca\u0107 i&nbsp;cofa\u0107 zgod\u0119?<\/strong><\/h2>\n\n\n\n<ol class=\"wp-block-list\">\n<li>Je\u015bli u\u017cyt\u00adkow\u00adnik nie chce otrzy\u00admy\u00adwa\u0107 pli\u00adk\u00f3w cookies, mo\u017ce zmie\u00adni\u0107 usta\u00adwie\u00adnia prze\u00adgl\u0105\u00addar\u00adki. Zastrze\u00adga\u00admy, \u017ce wy\u0142\u0105\u00adcze\u00adnie obs\u0142u\u00adgi pli\u00adk\u00f3w cookies nie\u00adzb\u0119d\u00adnych dla pro\u00adce\u00ads\u00f3w uwie\u00adrzy\u00adtel\u00adnia\u00adnia, bez\u00adpie\u00adcze\u0144\u00adstwa, utrzy\u00adma\u00adnia pre\u00adfe\u00adren\u00adcji u\u017cyt\u00adkow\u00adni\u00adka mo\u017ce utrud\u00adni\u0107,&nbsp;a&nbsp;w skraj\u00adnych przy\u00adpad\u00adkach mo\u017ce unie\u00admo\u017c\u00adli\u00adwi\u0107 korzy\u00adsta\u00adnie ze stron&nbsp;www<\/li>\n\n\n\n<li>W celu zarz\u0105\u00addza\u00adnia usta\u00adwie\u00adnia cookies wybierz z&nbsp;listy poni\u00ad\u017cej prze\u00adgl\u0105\u00addar\u00adk\u0119 inter\u00adne\u00adto\u00adw\u0105, kt\u00f3\u00adrej u\u017cy\u00adwasz i&nbsp;post\u0119\u00adpuj zgod\u00adnie z&nbsp;instruk\u00adcja\u00admi:<ul><li><a href=\"https:\/\/support.microsoft.com\/pl-pl\/help\/10607\/microsoft-edge-view-delete-browser-history\">Edge<\/a><\/li><li><a href=\"https:\/\/support.microsoft.com\/pl-pl\/help\/278835\/how-to-delete-cookie-files-in-internet-explorer\">Inter\u00adnet Explorer<\/a><\/li><li><a href=\"http:\/\/support.google.com\/chrome\/bin\/answer.py?hl=pl&amp;answer=95647\">Chro\u00adme<\/a><\/li><li><a href=\"http:\/\/support.apple.com\/kb\/PH5042\">Safa\u00adri<\/a><\/li><li><a href=\"http:\/\/support.mozilla.org\/pl\/kb\/W%C5%82%C4%85czanie%20i%20wy%C5%82%C4%85czanie%20obs%C5%82ugi%20ciasteczek\">Fire\u00adfox<\/a><\/li><li><a href=\"http:\/\/help.opera.com\/Windows\/12.10\/pl\/cookies.html\">Ope\u00adra<\/a><\/li><\/ul>Urz\u0105\u00addze\u00adnia mobilne:&nbsp;<ul class=\"wp-block-list\">\n<li><a href=\"http:\/\/support.google.com\/chrome\/bin\/answer.py?hl=pl&amp;answer=95647\">Andro\u00adid<\/a><\/li>\n\n\n\n<li><a href=\"http:\/\/support.apple.com\/kb\/HT1677?viewlocale=pl_PL\">Safa\u00adri (iOS)<\/a><\/li>\n\n\n\n<li><a href=\"http:\/\/www.windowsphone.com\/pl-pl\/how-to\/wp7\/web\/changing-privacy-and-other-browser-settings\">Win\u00addows&nbsp;Phone<\/a><\/li>\n<\/ul>\n<\/li>\n<\/ol>\n","protected":false},"excerpt":{"rendered":"<p>Poli\u00adty\u00adka pry\u00adwat\u00adno\u00ad\u015bci opi\u00adsu\u00adje zasa\u00addy prze\u00adtwa\u00adrza\u00adnia przez nas infor\u00adma\u00adcji na Tw\u00f3j temat, w&nbsp;tym danych oso\u00adbo\u00adwych oraz cia\u00adste\u00adczek, czy\u00adli tzw. cookies. Infor\u00adma\u00adcje og\u00f3l\u00adne Wybra\u00adne meto\u00addy ochro\u00adny danych sto\u00adso\u00adwa\u00adne przez Ope\u00adra\u00adto\u00adra Hosting Two\u00adje pra\u00adwa i&nbsp;dodat\u00adko\u00adwe infor\u00adma\u00adcje o&nbsp;spo\u00adso\u00adbie wyko\u00adrzy\u00adsta\u00adnia danych Infor\u00adma\u00adcje w&nbsp;for\u00admu\u00adla\u00adrzach Logi Admi\u00adni\u00adstra\u00adto\u00adra Infor\u00adma\u00adcje zacho\u00adwa\u00adniu u\u017cyt\u00adkow\u00adni\u00adk\u00f3w w&nbsp;ser\u00adwi\u00adsie mog\u0105 pod\u00adle\u00adga\u0107 logo\u00adwa\u00adniu. Dane te s\u0105 wyko\u00adrzy\u00adsty\u00adwa\u00adne w&nbsp;celu admi\u00adni\u00adstro\u00adwa\u00adnia ser\u00adwi\u00adsem. Istotne&nbsp;[\u2026]<\/p>\n","protected":false},"author":1,"featured_media":0,"parent":0,"menu_order":0,"comment_status":"closed","ping_status":"closed","template":"","meta":{"wp_typography_post_enhancements_disabled":false,"footnotes":""},"class_list":["post-15309","page","type-page","status-publish","hentry"],"_links":{"self":[{"href":"https:\/\/maxbroker.com.pl\/index.php\/wp-json\/wp\/v2\/pages\/15309","targetHints":{"allow":["GET"]}}],"collection":[{"href":"https:\/\/maxbroker.com.pl\/index.php\/wp-json\/wp\/v2\/pages"}],"about":[{"href":"https:\/\/maxbroker.com.pl\/index.php\/wp-json\/wp\/v2\/types\/page"}],"author":[{"embeddable":true,"href":"https:\/\/maxbroker.com.pl\/index.php\/wp-json\/wp\/v2\/users\/1"}],"replies":[{"embeddable":true,"href":"https:\/\/maxbroker.com.pl\/index.php\/wp-json\/wp\/v2\/comments?post=15309"}],"version-history":[{"count":3,"href":"https:\/\/maxbroker.com.pl\/index.php\/wp-json\/wp\/v2\/pages\/15309\/revisions"}],"predecessor-version":[{"id":16437,"href":"https:\/\/maxbroker.com.pl\/index.php\/wp-json\/wp\/v2\/pages\/15309\/revisions\/16437"}],"wp:attachment":[{"href":"https:\/\/maxbroker.com.pl\/index.php\/wp-json\/wp\/v2\/media?parent=15309"}],"curies":[{"name":"wp","href":"https:\/\/api.w.org\/{rel}","templated":true}]}}